{"id":16163,"date":"2022-01-15T04:12:22","date_gmt":"2022-01-15T01:12:22","guid":{"rendered":"https:\/\/www.pugat.org\/iletisim\/"},"modified":"2022-06-02T11:40:25","modified_gmt":"2022-06-02T08:40:25","slug":"contact-us","status":"publish","type":"page","link":"https:\/\/pugat.org\/en\/contact-us\/","title":{"rendered":"Contact Us"},"content":{"rendered":"\n<p class=\"has-text-align-center\"><a href=\"mailto:info@pugat.org\" target=\"_blank\" rel=\"noreferrer noopener\">info@pugat.org<\/a><\/p>\n\n\n<p><\/p>\n<div id=\"tdi_1\" class=\"tdc-zone\"><div class=\"tdc_zone tdi_2  wpb_row td-pb-row\"  >\n<style scoped>\n\/* custom css - generated by TagDiv Composer *\/\n\n\/* custom css - generated by TagDiv Composer *\/\n\/* custom css - generated by TagDiv Composer *\/\n.tdi_2{\r\n                    min-height: 0;\r\n                }\n<\/style><div id=\"tdi_3\" class=\"tdc-row\"><div class=\"vc_row tdi_4  wpb_row td-pb-row\" >\n<style scoped>\n\/* custom css - generated by TagDiv Composer *\/\n\n\/* custom css - generated by TagDiv Composer *\/\n\/* custom css - generated by TagDiv Composer *\/\n.tdi_4,\r\n                .tdi_4 .tdc-columns{\r\n                    min-height: 0;\r\n                }.tdi_4,\r\n\t\t\t\t.tdi_4 .tdc-columns{\r\n\t\t\t\t    display: block;\r\n\t\t\t\t}.tdi_4 .tdc-columns{\r\n\t\t\t\t    width: 100%;\r\n\t\t\t\t}\n<\/style><div class=\"vc_column tdi_6  wpb_column vc_column_container tdc-column td-pb-span12\">\n<style scoped>\n\/* custom css - generated by TagDiv Composer *\/\n\n\/* custom css - generated by TagDiv Composer *\/\n\/* custom css - generated by TagDiv Composer *\/\n.tdi_6{\r\n                    vertical-align: baseline;\r\n                }.tdi_6 > .wpb_wrapper,\r\n\t\t\t\t.tdi_6 > .wpb_wrapper > .tdc-elements{\r\n\t\t\t\t    display: block;\r\n\t\t\t\t}.tdi_6 > .wpb_wrapper > .tdc-elements{\r\n\t\t\t\t    width: 100%;\r\n\t\t\t\t}.tdi_6 > .wpb_wrapper > .vc_row_inner{\r\n\t\t\t\t    width: auto;\r\n\t\t\t\t}.tdi_6 > .wpb_wrapper{\r\n\t\t\t\t    width: auto;\r\n\t\t\t\t    height: auto;\r\n\t\t\t\t}\n<\/style><div class=\"wpb_wrapper\" ><\/div><\/div><\/div><\/div><div id=\"tdi_7\" class=\"tdc-row\"><div class=\"vc_row tdi_8  wpb_row td-pb-row\" >\n<style scoped>\n\/* custom css - generated by TagDiv Composer *\/\n\n\/* custom css - generated by TagDiv Composer *\/\n\/* custom css - generated by TagDiv Composer *\/\n.tdi_8,\r\n                .tdi_8 .tdc-columns{\r\n                    min-height: 0;\r\n                }.tdi_8,\r\n\t\t\t\t.tdi_8 .tdc-columns{\r\n\t\t\t\t    display: block;\r\n\t\t\t\t}.tdi_8 .tdc-columns{\r\n\t\t\t\t    width: 100%;\r\n\t\t\t\t}\n<\/style><div class=\"vc_column tdi_10  wpb_column vc_column_container tdc-column td-pb-span12\">\n<style scoped>\n\/* custom css - generated by TagDiv Composer *\/\n\n\/* custom css - generated by TagDiv Composer *\/\n\/* custom css - generated by TagDiv Composer *\/\n.tdi_10{\r\n                    vertical-align: baseline;\r\n                }.tdi_10 > .wpb_wrapper,\r\n\t\t\t\t.tdi_10 > .wpb_wrapper > .tdc-elements{\r\n\t\t\t\t    display: block;\r\n\t\t\t\t}.tdi_10 > .wpb_wrapper > .tdc-elements{\r\n\t\t\t\t    width: 100%;\r\n\t\t\t\t}.tdi_10 > .wpb_wrapper > .vc_row_inner{\r\n\t\t\t\t    width: auto;\r\n\t\t\t\t}.tdi_10 > .wpb_wrapper{\r\n\t\t\t\t    width: auto;\r\n\t\t\t\t    height: auto;\r\n\t\t\t\t}\n<\/style><div class=\"wpb_wrapper\" ><div class=\"tdm_block td_block_wrap tdm_block_socials tdi_11 tdm-content-horiz-center td-pb-border-top td_block_template_1\"  data-td-block-uid=\"tdi_11\" >\n<style>\n\/* custom css - generated by TagDiv Composer *\/\n\/* custom css - generated by TagDiv Composer *\/\n.tdm_block.tdm_block_socials{\r\n                  margin-bottom: 0;\r\n                }.tdm-social-wrapper{\r\n                  *zoom: 1;\r\n                }.tdm-social-wrapper:before,\r\n                .tdm-social-wrapper:after{\r\n                  display: table;\r\n                  content: '';\r\n                  line-height: 0;\r\n                }.tdm-social-wrapper:after{\r\n                  clear: both;\r\n                }.tdm-social-item-wrap{\r\n                  display: inline-block;\r\n                }.tdm-social-item{\r\n                  position: relative;\r\n                  display: inline-block;\r\n                  vertical-align: middle;\r\n                  -webkit-transition: all 0.2s;\r\n                  transition: all 0.2s;\r\n                  text-align: center;\r\n                  -webkit-transform: translateZ(0);\r\n                  transform: translateZ(0);\r\n                }.tdm-social-item i{\r\n                  font-size: 14px;\r\n                  color: var(--td_theme_color, #4db2ec);\r\n                  -webkit-transition: all 0.2s;\r\n                  transition: all 0.2s;\r\n                }.tdm-social-text{\r\n                  display: none;\r\n                  margin-top: -1px;\r\n                  vertical-align: middle;\r\n                  font-size: 13px;\r\n                  color: var(--td_theme_color, #4db2ec);\r\n                  -webkit-transition: all 0.2s;\r\n                  transition: all 0.2s;\r\n                }.tdm-social-item-wrap:hover i,\r\n                .tdm-social-item-wrap:hover .tdm-social-text{\r\n                  color: #000;\r\n                }.tdm-social-item-wrap:last-child .tdm-social-text{\r\n                  margin-right: 0 !important;\r\n                }\n<\/style>\n<style>\n\/* custom css - generated by TagDiv Composer *\/\n\/* custom css - generated by TagDiv Composer *\/\n.tdi_12 .tdm-social-item i{\r\n\t\t\t\t\tfont-size: 24px;\r\n\t\t\t\t\tvertical-align: middle;\r\n\t\t\t\t}.tdi_12 .tdm-social-item i.td-icon-linkedin,\r\n\t\t\t\t.tdi_12 .tdm-social-item i.td-icon-pinterest,\r\n\t\t\t\t.tdi_12 .tdm-social-item i.td-icon-blogger,\r\n\t\t\t\t.tdi_12 .tdm-social-item i.td-icon-vimeo{\r\n\t\t\t\t\tfont-size: 19.2px;\r\n\t\t\t\t}.tdi_12 .tdm-social-item{\r\n\t\t\t\t\twidth: 55.2px;\r\n\t\t\t\t\theight: 55.2px;\r\n\t\t\t\t\r\n\t\t\t\t    margin: 5px 10px 5px 0;\r\n\t\t\t\t}.tdi_12 .tdm-social-item i{\r\n\t\t\t\t\tline-height: 55.2px;\r\n\t\t\t\t}.tdi_12 .tdm-social-item-wrap:last-child .tdm-social-item{\r\n\t\t\t\t    margin-right: 0 !important;\r\n\t\t\t\t}.tdi_12 .tdm-social-item i,\r\n\t\t\t\t.tds-team-member2 .tdi_12.tds-social1 .tdm-social-item i{\r\n\t\t\t\t\tcolor: #058fa8;\r\n\t\t\t\t}.tdi_12 .tdm-social-text{\r\n\t\t\t\t\tmargin-left: 2px;\r\n\t\t\t\t\r\n\t\t\t\t\tmargin-right: 18px;\r\n\t\t\t\t}\n<\/style><div class=\"tdm-social-wrapper tds-social1 tdi_12\"><div class=\"tdm-social-item-wrap\"><a href=\"https:\/\/www.facebook.com\/PUGATPusula\"  target=\"_blank\"  title=\"Facebook\" class=\"tdm-social-item\"><i class=\"td-icon-font td-icon-facebook\"><\/i><span style=\"display: none\">Facebook<\/span><\/a><\/div><div class=\"tdm-social-item-wrap\"><a href=\"info@pugat.org\"  target=\"_blank\"  title=\"Mail\" class=\"tdm-social-item\"><i class=\"td-icon-font td-icon-mail-1\"><\/i><span style=\"display: none\">Mail<\/span><\/a><\/div><div class=\"tdm-social-item-wrap\"><a href=\"https:\/\/open.spotify.com\/show\/1fA7lYOlauYBfKa7k27qnu\"  target=\"_blank\"  title=\"Spotify\" class=\"tdm-social-item\"><i class=\"td-icon-font td-icon-spotify\"><\/i><span style=\"display: none\">Spotify<\/span><\/a><\/div><div class=\"tdm-social-item-wrap\"><a href=\"https:\/\/t.me\/PUGAT\"  target=\"_blank\"  title=\"Telegram\" class=\"tdm-social-item\"><i class=\"td-icon-font td-icon-telegram\"><\/i><span style=\"display: none\">Telegram<\/span><\/a><\/div><div class=\"tdm-social-item-wrap\"><a href=\"https:\/\/twitter.com\/PUGAT10\"  target=\"_blank\"  title=\"Twitter\" class=\"tdm-social-item\"><i class=\"td-icon-font td-icon-twitter\"><\/i><span style=\"display: none\">Twitter<\/span><\/a><\/div><div class=\"tdm-social-item-wrap\"><a href=\"https:\/\/www.youtube.com\/channel\/UC97wsS1u-0Cw9RRberSUg5w\"  target=\"_blank\"  title=\"Youtube\" class=\"tdm-social-item\"><i class=\"td-icon-font td-icon-youtube\"><\/i><span style=\"display: none\">Youtube<\/span><\/a><\/div><\/div><\/div><\/div><\/div><\/div><\/div><\/div><\/div>\n\n\n<p><\/p>\n","protected":false},"excerpt":{"rendered":"<p>info@pugat.org<\/p>\n","protected":false},"author":1,"featured_media":0,"parent":0,"menu_order":0,"comment_status":"closed","ping_status":"closed","template":"","meta":{"tdm_status":"","tdm_grid_status":"","footnotes":""},"class_list":["post-16163","page","type-page","status-publish"],"yoast_head":"<!-- This site is optimized with the Yoast SEO plugin v26.5 - https:\/\/yoast.com\/wordpress\/plugins\/seo\/ -->\n<title>Contact Us - PUGAT<\/title>\n<meta name=\"robots\" content=\"index, follow, max-snippet:-1, max-image-preview:large, max-video-preview:-1\" \/>\n<link rel=\"canonical\" href=\"https:\/\/pugat.org\/en\/contact-us\/\" \/>\n<meta property=\"og:locale\" content=\"en_US\" \/>\n<meta property=\"og:type\" content=\"article\" \/>\n<meta property=\"og:title\" content=\"Contact Us - PUGAT\" \/>\n<meta property=\"og:description\" content=\"info@pugat.org\" \/>\n<meta property=\"og:url\" content=\"https:\/\/pugat.org\/en\/contact-us\/\" \/>\n<meta property=\"og:site_name\" content=\"PUGAT\" \/>\n<meta property=\"article:publisher\" content=\"https:\/\/www.facebook.com\/PUGAT-Pusula-G%c3%bcvenlik-Ara%c5%9ft%c4%b1rmalar%c4%b1-Toplulu%c4%9fu-101486665489919\" \/>\n<meta property=\"article:modified_time\" content=\"2022-06-02T08:40:25+00:00\" \/>\n<meta property=\"og:image\" content=\"https:\/\/pugat.org\/wp-content\/uploads\/2021\/05\/cropped-pugatekran-e1623718815618.jpg\" \/>\n\t<meta property=\"og:image:width\" content=\"512\" \/>\n\t<meta property=\"og:image:height\" content=\"512\" \/>\n\t<meta property=\"og:image:type\" content=\"image\/jpeg\" \/>\n<meta name=\"twitter:card\" content=\"summary_large_image\" \/>\n<meta name=\"twitter:site\" content=\"@PUGAT10\" \/>\n<meta name=\"twitter:label1\" content=\"Est. reading time\" \/>\n\t<meta name=\"twitter:data1\" content=\"1 minute\" \/>\n<script type=\"application\/ld+json\" class=\"yoast-schema-graph\">{\"@context\":\"https:\/\/schema.org\",\"@graph\":[{\"@type\":\"WebPage\",\"@id\":\"https:\/\/pugat.org\/en\/contact-us\/\",\"url\":\"https:\/\/pugat.org\/en\/contact-us\/\",\"name\":\"Contact Us - PUGAT\",\"isPartOf\":{\"@id\":\"https:\/\/pugat.org\/#website\"},\"datePublished\":\"2022-01-15T01:12:22+00:00\",\"dateModified\":\"2022-06-02T08:40:25+00:00\",\"breadcrumb\":{\"@id\":\"https:\/\/pugat.org\/en\/contact-us\/#breadcrumb\"},\"inLanguage\":\"en-US\",\"potentialAction\":[{\"@type\":\"ReadAction\",\"target\":[\"https:\/\/pugat.org\/en\/contact-us\/\"]}]},{\"@type\":\"BreadcrumbList\",\"@id\":\"https:\/\/pugat.org\/en\/contact-us\/#breadcrumb\",\"itemListElement\":[{\"@type\":\"ListItem\",\"position\":1,\"name\":\"Anasayfa\",\"item\":\"https:\/\/pugat.org\/en\/\"},{\"@type\":\"ListItem\",\"position\":2,\"name\":\"Contact Us\"}]},{\"@type\":\"WebSite\",\"@id\":\"https:\/\/pugat.org\/#website\",\"url\":\"https:\/\/pugat.org\/\",\"name\":\"PUGAT\",\"description\":\"G\u00fcvenlik Odakl\u0131 Yaz\u0131 ve Analiz\",\"publisher\":{\"@id\":\"https:\/\/pugat.org\/#organization\"},\"potentialAction\":[{\"@type\":\"SearchAction\",\"target\":{\"@type\":\"EntryPoint\",\"urlTemplate\":\"https:\/\/pugat.org\/?s={search_term_string}\"},\"query-input\":{\"@type\":\"PropertyValueSpecification\",\"valueRequired\":true,\"valueName\":\"search_term_string\"}}],\"inLanguage\":\"en-US\"},{\"@type\":\"Organization\",\"@id\":\"https:\/\/pugat.org\/#organization\",\"name\":\"PUGAT - Pusula G\u00fcvenlik Ara\u015ft\u0131rmalar\u0131 Toplulu\u011fu\",\"url\":\"https:\/\/pugat.org\/\",\"logo\":{\"@type\":\"ImageObject\",\"inLanguage\":\"en-US\",\"@id\":\"https:\/\/pugat.org\/#\/schema\/logo\/image\/\",\"url\":\"https:\/\/www.pugat.org\/wp-content\/uploads\/2021\/05\/pugatekran-e1623718815618.jpg\",\"contentUrl\":\"https:\/\/www.pugat.org\/wp-content\/uploads\/2021\/05\/pugatekran-e1623718815618.jpg\",\"width\":614,\"height\":614,\"caption\":\"PUGAT - Pusula G\u00fcvenlik Ara\u015ft\u0131rmalar\u0131 Toplulu\u011fu\"},\"image\":{\"@id\":\"https:\/\/pugat.org\/#\/schema\/logo\/image\/\"},\"sameAs\":[\"https:\/\/www.facebook.com\/PUGAT-Pusula-G\u00fcvenlik-Ara\u015ft\u0131rmalar\u0131-Toplulu\u011fu-101486665489919\",\"https:\/\/x.com\/PUGAT10\",\"https:\/\/www.youtube.com\/channel\/UC97wsS1u-0Cw9RRberSUg5w\"]}]}<\/script>\n<!-- \/ Yoast SEO plugin. -->","yoast_head_json":{"title":"Contact Us - PUGAT","robots":{"index":"index","follow":"follow","max-snippet":"max-snippet:-1","max-image-preview":"max-image-preview:large","max-video-preview":"max-video-preview:-1"},"canonical":"https:\/\/pugat.org\/en\/contact-us\/","og_locale":"en_US","og_type":"article","og_title":"Contact Us - PUGAT","og_description":"info@pugat.org","og_url":"https:\/\/pugat.org\/en\/contact-us\/","og_site_name":"PUGAT","article_publisher":"https:\/\/www.facebook.com\/PUGAT-Pusula-G%c3%bcvenlik-Ara%c5%9ft%c4%b1rmalar%c4%b1-Toplulu%c4%9fu-101486665489919","article_modified_time":"2022-06-02T08:40:25+00:00","og_image":[{"width":512,"height":512,"url":"https:\/\/pugat.org\/wp-content\/uploads\/2021\/05\/cropped-pugatekran-e1623718815618.jpg","type":"image\/jpeg"}],"twitter_card":"summary_large_image","twitter_site":"@PUGAT10","twitter_misc":{"Est. reading time":"1 minute"},"schema":{"@context":"https:\/\/schema.org","@graph":[{"@type":"WebPage","@id":"https:\/\/pugat.org\/en\/contact-us\/","url":"https:\/\/pugat.org\/en\/contact-us\/","name":"Contact Us - PUGAT","isPartOf":{"@id":"https:\/\/pugat.org\/#website"},"datePublished":"2022-01-15T01:12:22+00:00","dateModified":"2022-06-02T08:40:25+00:00","breadcrumb":{"@id":"https:\/\/pugat.org\/en\/contact-us\/#breadcrumb"},"inLanguage":"en-US","potentialAction":[{"@type":"ReadAction","target":["https:\/\/pugat.org\/en\/contact-us\/"]}]},{"@type":"BreadcrumbList","@id":"https:\/\/pugat.org\/en\/contact-us\/#breadcrumb","itemListElement":[{"@type":"ListItem","position":1,"name":"Anasayfa","item":"https:\/\/pugat.org\/en\/"},{"@type":"ListItem","position":2,"name":"Contact Us"}]},{"@type":"WebSite","@id":"https:\/\/pugat.org\/#website","url":"https:\/\/pugat.org\/","name":"PUGAT","description":"G\u00fcvenlik Odakl\u0131 Yaz\u0131 ve Analiz","publisher":{"@id":"https:\/\/pugat.org\/#organization"},"potentialAction":[{"@type":"SearchAction","target":{"@type":"EntryPoint","urlTemplate":"https:\/\/pugat.org\/?s={search_term_string}"},"query-input":{"@type":"PropertyValueSpecification","valueRequired":true,"valueName":"search_term_string"}}],"inLanguage":"en-US"},{"@type":"Organization","@id":"https:\/\/pugat.org\/#organization","name":"PUGAT - Pusula G\u00fcvenlik Ara\u015ft\u0131rmalar\u0131 Toplulu\u011fu","url":"https:\/\/pugat.org\/","logo":{"@type":"ImageObject","inLanguage":"en-US","@id":"https:\/\/pugat.org\/#\/schema\/logo\/image\/","url":"https:\/\/www.pugat.org\/wp-content\/uploads\/2021\/05\/pugatekran-e1623718815618.jpg","contentUrl":"https:\/\/www.pugat.org\/wp-content\/uploads\/2021\/05\/pugatekran-e1623718815618.jpg","width":614,"height":614,"caption":"PUGAT - Pusula G\u00fcvenlik Ara\u015ft\u0131rmalar\u0131 Toplulu\u011fu"},"image":{"@id":"https:\/\/pugat.org\/#\/schema\/logo\/image\/"},"sameAs":["https:\/\/www.facebook.com\/PUGAT-Pusula-G\u00fcvenlik-Ara\u015ft\u0131rmalar\u0131-Toplulu\u011fu-101486665489919","https:\/\/x.com\/PUGAT10","https:\/\/www.youtube.com\/channel\/UC97wsS1u-0Cw9RRberSUg5w"]}]}},"_links":{"self":[{"href":"https:\/\/pugat.org\/en\/wp-json\/wp\/v2\/pages\/16163","targetHints":{"allow":["GET"]}}],"collection":[{"href":"https:\/\/pugat.org\/en\/wp-json\/wp\/v2\/pages"}],"about":[{"href":"https:\/\/pugat.org\/en\/wp-json\/wp\/v2\/types\/page"}],"author":[{"embeddable":true,"href":"https:\/\/pugat.org\/en\/wp-json\/wp\/v2\/users\/1"}],"replies":[{"embeddable":true,"href":"https:\/\/pugat.org\/en\/wp-json\/wp\/v2\/comments?post=16163"}],"version-history":[{"count":0,"href":"https:\/\/pugat.org\/en\/wp-json\/wp\/v2\/pages\/16163\/revisions"}],"wp:attachment":[{"href":"https:\/\/pugat.org\/en\/wp-json\/wp\/v2\/media?parent=16163"}],"curies":[{"name":"wp","href":"https:\/\/api.w.org\/{rel}","templated":true}]}}