{"id":16118,"date":"2021-06-02T14:08:15","date_gmt":"2021-06-02T14:08:15","guid":{"rendered":"https:\/\/www.pugat.org\/hakkimizda\/"},"modified":"2022-06-07T22:15:13","modified_gmt":"2022-06-07T19:15:13","slug":"about-us","status":"publish","type":"page","link":"https:\/\/pugat.org\/en\/about-us\/","title":{"rendered":"About Us"},"content":{"rendered":"<div id=\"tdi_1\" class=\"tdc-zone\"><div class=\"tdc_zone tdi_2  wpb_row td-pb-row\"  >\n<style scoped>\n\/* custom css - generated by TagDiv Composer *\/\n\n\/* custom css - generated by TagDiv Composer *\/\n\/* custom css - generated by TagDiv Composer *\/\n.tdi_2{\r\n                    min-height: 0;\r\n                }\n<\/style><div id=\"tdi_3\" class=\"tdc-row\"><div class=\"vc_row tdi_4  wpb_row td-pb-row\" >\n<style scoped>\n\/* custom css - generated by TagDiv Composer *\/\n\n\/* custom css - generated by TagDiv Composer *\/\n\/* custom css - generated by TagDiv Composer *\/\n.tdi_4,\r\n                .tdi_4 .tdc-columns{\r\n                    min-height: 0;\r\n                }.tdi_4{\r\n\t\t\t\t\tposition: relative;\r\n\t\t\t\t}.tdi_4 .tdc-row-divider{\r\n                    overflow: hidden;\r\n                }.tdi_4 .tdc-row-divider-top .tdm-svg{\r\n\t\t\t\t\tfill: #1e73be;\r\n\t\t\t\t}.tdi_4 .tdc-row-divider-top .tdc-divider-space{\r\n\t\t\t\t\tbackground-color: #1e73be;\r\n\t\t\t\t\r\n\t\t\t\t\ttop: 100%;\r\n\t\t\t\t    height: px;\r\n\t\t\t\t}.tdi_4 .tdc-row-divider-top{\r\n\t\t\t\t    top: px;\r\n\t\t\t\t}.tdi_4,\r\n\t\t\t\t.tdi_4 .tdc-columns{\r\n\t\t\t\t    display: block;\r\n\t\t\t\t}.tdi_4 .tdc-columns{\r\n\t\t\t\t    width: 100%;\r\n\t\t\t\t}\n<\/style><div class=\"tdc-row-divider\"><div class=\"tdc-divider11 tdc-row-divider-top\"><div class=\"tdc-divider-space\"><\/div><svg class=\"tdm-svg\" xmlns=\"http:\/\/www.w3.org\/2000\/svg\" viewBox=\"0 0 2000 400\" preserveAspectRatio=\"none\">\r\n                                        <path d=\"M0,700V382H454c493.833,0,546-119.232,546-119.232S1050.67,382,1546,382h454V700H0Z\"\/>\r\n                                        <\/svg><\/div><\/div><div class=\"vc_column tdi_6  wpb_column vc_column_container tdc-column td-pb-span12\">\n<style scoped>\n\/* custom css - generated by TagDiv Composer *\/\n\n\/* custom css - generated by TagDiv Composer *\/\n\/* custom css - generated by TagDiv Composer *\/\n.tdi_6{\r\n                    vertical-align: baseline;\r\n                }.tdi_6 > .wpb_wrapper,\r\n\t\t\t\t.tdi_6 > .wpb_wrapper > .tdc-elements{\r\n\t\t\t\t    display: block;\r\n\t\t\t\t}.tdi_6 > .wpb_wrapper > .tdc-elements{\r\n\t\t\t\t    width: 100%;\r\n\t\t\t\t}.tdi_6 > .wpb_wrapper > .vc_row_inner{\r\n\t\t\t\t    width: auto;\r\n\t\t\t\t}.tdi_6 > .wpb_wrapper{\r\n\t\t\t\t    width: auto;\r\n\t\t\t\t    height: auto;\r\n\t\t\t\t}\n<\/style><div class=\"wpb_wrapper\" ><div class=\"wpb_wrapper td_block_empty_space td_block_wrap vc_empty_space tdi_8 \"  style=\"height: 100px\"><\/div><div class=\"td_block_wrap td_block_title tdi_9 td-pb-border-top td_block_template_13 td-fix-index\"  data-td-block-uid=\"tdi_9\" >\n<style>\n\/* custom css - generated by TagDiv Composer *\/\n.td_block_template_13.widget > ul > li {\r\n                margin-left: 0 !important;\r\n            }\r\n            .global-block-template-13 .td-comments-title span {\r\n                margin-left: 0 !important;\r\n                font-size: 20px;\r\n            }\r\n            @media (max-width: 767px) {\r\n                .global-block-template-13 .td-comments-title span {\r\n                    font-size: 15px;\r\n                }\r\n            }\r\n            .td_block_template_13 .td-related-title a {\r\n                margin-right: 20px;\r\n                font-size: 20px;\r\n            }\r\n            @media (max-width: 767px) {\r\n                .td_block_template_13 .td-related-title a {\r\n                    font-size: 15px;\r\n                }\r\n            }\r\n            .td_block_template_13 .td-related-title .td-cur-simple-item {\r\n                color: var(--td_theme_color, #4db2ec);\r\n            }\r\n            .td_block_template_13 .td-related-title > a.td-related-right {\r\n                margin-left: 0 !important;\r\n            }\r\n            .td_block_template_13 .td-block-title {\r\n                font-size: 26px;\r\n                font-weight: 800;\r\n                margin-bottom: 26px;\r\n                line-height: 26px !important;\r\n                padding: 0;\r\n                letter-spacing: -0.6px;\r\n                margin-top: 36px;\r\n                transform: translateZ(0);\r\n                -webkit-transform: translateZ(0);\r\n                text-align: left;\r\n            }\r\n            .td_block_template_13 .td-block-title a {\r\n                color: #111;\r\n            }\r\n            @media (max-width: 1018px) {\r\n                .td_block_template_13 .td-block-title {\r\n                    font-size: 22px;\r\n                    margin-bottom: 16px;\r\n                    margin-top: 26px;\r\n                }\r\n            }\r\n            @media (max-width: 767px) {\r\n                .td_block_template_13 .td-block-title {\r\n                    margin-top: 26px !important;\r\n                    margin-bottom: 16px !important;\r\n                }\r\n            }\r\n            .td_block_template_13 .td-block-title > a,\r\n            .td_block_template_13 .td-block-title > span {\r\n                margin-left: 12px;\r\n                color: var(--td_text_header_color, #111);\r\n            }\r\n            @media (max-width: 767px) {\r\n                .td_block_template_13 .td-block-title > a,\r\n                .td_block_template_13 .td-block-title > span {\r\n                    margin-left: 12px !important;\r\n                }\r\n            }\r\n            .td_block_template_13 .td-subcat-filter {\r\n                line-height: 1;\r\n                display: table;\r\n            }\r\n            .td_block_template_13 .td-subcat-dropdown .td-subcat-more {\r\n                margin-bottom: 8px !important;\r\n                margin-top: 7px;\r\n            }\r\n            .td_block_template_13 .td-pulldown-category {\r\n                font-family: 'Roboto', sans-serif;\r\n                font-size: 14px;\r\n                line-height: 26px !important;\r\n                color: #444;\r\n                font-weight: 500;\r\n                position: absolute;\r\n                right: 0;\r\n                bottom: -2px;\r\n                top: 0;\r\n                margin: auto 0;\r\n                display: table;\r\n            }\r\n            .td_block_template_13 .td-pulldown-category span {\r\n                display: inline-block;\r\n                -webkit-transition: transform 0.5s ease;\r\n                transition: transform 0.5s ease;\r\n            }\r\n            @media (max-width: @responsive_p_phone_max) {\r\n                .td_block_template_13 .td-pulldown-category span {\r\n                    display: none;\r\n                }\r\n            }\r\n            .td_block_template_13 .td-pulldown-category i {\r\n                font-size: 10px;\r\n                margin-left: 10px;\r\n            }\r\n            .td_block_template_13 .td-pulldown-category:hover {\r\n                opacity: 0.9;\r\n            }\r\n            .td_block_template_13 .td-pulldown-category:hover span {\r\n                transform: translate3d(-6px, 0, 0);\r\n                -webkit-transform: translate3d(-6px, 0, 0);\r\n            }\r\n            .td_block_template_13 .td-block-subtitle {\r\n                font-size: 90px;\r\n                text-transform: uppercase;\r\n                position: absolute;\r\n                left: -4px;\r\n                z-index: -1;\r\n                bottom: -20px;\r\n                white-space: nowrap;\r\n                color: #f3f3f3;\r\n                line-height: 1;\r\n            }\r\n            @media (min-width: 768px) and (max-width: 1018px) {\r\n                .td_block_template_13 .td-block-subtitle {\r\n                    font-size: 70px;\r\n                    bottom: -15px;\r\n                }\r\n            }\r\n            @media (max-width: 767px) {\r\n                .td_block_template_13 .td-block-subtitle {\r\n                    font-size: 60px;\r\n                    bottom: -12px;\r\n                }\r\n            }\r\n            .td_block_template_13 .td-title-align {\r\n                margin-top: 0 !important;\r\n            }\r\n            .td_block_template_13 .td-title-align  > a,\r\n            .td_block_template_13 .td-title-align > span {\r\n                margin-left: 0 !important;\r\n            }\r\n            @media (min-width: 768px) and (max-width: 1018px) {\r\n                .td-pb-span4 .td_block_template_13 .td-pulldown-category span {\r\n                    display: none;\r\n                }\r\n            }\r\n            @media (min-width: 768px) {\r\n                .td-pb-span4 .td_block_template_13 .td-block-subtitle {\r\n                    display: none;\r\n                }\r\n            }\r\n            .td-pb-span4 .td_block_template_13 .td-block-title {\r\n                margin-top: 0;\r\n            }\r\n            .td-pb-span4 .td_block_template_13 .td-block-title * > {\r\n                margin-left: 0;\r\n            }\r\n            .td-pb-span12 .td_block_template_13 .td-block-title {\r\n                margin-bottom: 40px;\r\n            }\r\n            @media (min-width: 768px) and (max-width: 1018px) {\r\n                .td-pb-span12 .td_block_template_13 .td-block-title {\r\n                    margin-bottom: 26px;\r\n                }\r\n            }\n\/* inline tdc_css att - generated by TagDiv Composer *\/\n\n.tdi_9{\nmargin-top:20px !important;\n}\n\n<\/style>\n<style>\n\/* custom css - generated by TagDiv Composer *\/\n\/* custom css - generated by TagDiv Composer *\/\nbody .tdi_9 .td-block-title a,\r\n\t\t\t\tbody .tdi_9 .td-block-title span{\r\n\t\t\t\t\tfont-size:30px !important;\r\n\t\t\t\t}body .tdi_9 .td-block-title{\r\n\t\t\t\t\ttext-align: center;\r\n\t\t\t\t}body .tdi_9.td_block_template_4 .td-block-title > *:before,\r\n\t\t\t\tbody .tdi_9.td_block_template_17 .td-block-title:after,\r\n\t\t\t\tbody .tdi_9.td_block_template_13 .td-block-subtitle,\r\n\t\t\t\tbody .tdi_9.td_block_template_9 .td-block-title:after{\r\n\t\t\t\t    right: 0;\r\n\t\t\t\t    left: 0;\r\n\t\t\t\t}body .tdi_9.td_block_template_5 .td-block-title > *{\r\n\t\t\t\t    border-width: 0 0 0 4px;\r\n\t\t\t\t}body .tdi_9.td_block_template_8 .td-block-title > *{\r\n\t\t\t\t\tpadding-left: 20px;\r\n\t\t\t\t\tpadding-right: 20px;\r\n\t\t\t\t}\n<\/style><div class=\"td-block-title-wrap\"><h4 class=\"td-block-title td-title-align\"><span>About Us<\/span><div class=\"td-block-subtitle\"><\/div><\/h4><\/div><\/div><div class=\"td_block_wrap td_block_text_with_title tdi_10 tagdiv-type td-pb-border-top td_block_template_1\"  data-td-block-uid=\"tdi_10\" >\n<style>\n\/* custom css - generated by TagDiv Composer *\/\n\/* custom css - generated by TagDiv Composer *\/\n.td_block_text_with_title{\r\n                  margin-bottom: 44px;\r\n                  -webkit-transform: translateZ(0);\r\n                  transform: translateZ(0);\r\n                }.td_block_text_with_title p:last-child{\r\n                  margin-bottom: 0;\r\n                }\n<\/style><div class=\"td-block-title-wrap\"><\/div><div class=\"td_mod_wrap td-fix-index\"><p>The Compass Security Studies Community (PUGAT) was founded in 2021, as an independent think and research community, by people most of whom served formerly in the security bureaucracy.<\/p>\n<p>The unlawfulness and dictatorial practices in Turkey in recent years have created many devastating effects on freedom and security in the field of sociological, political, economic, foreign relations and media in the local, regional and global sense.<br \/>\nPUGAT aims to analyze these problems in depth and contribute to the solution of problems and the comprising of a democratic world.<br \/>\nPUGAT believes that one of the most considerable steps in the construction of global security is ensuring the security of individuals without neglecting the ethical dimensions of security.<\/p>\n<p>It is among the objectives of PUGAT to reveal the parameters and security concerns that affect the security perceptions of individuals, communities and countries, with experience from past to present, and to contribute to the required solutions with alternative security policies that prioritize the principles of peace, equality, justice and rule of law.<\/p>\n<p>Conducting its activities with the awareness that differences are an important wealth, PUGAT aims to contribute to the national and international public opinion with unbiased and independent ideas.<\/p>\n<p>PUGAT&#8217;s Basic Publication and Usage Principles<br \/>\nIn the published articles;<\/p>\n<p>Any publishing that restricts the freedom of thought, conscience and expression cannot be allowed.<\/p>\n<p>Any person, institution, organization, community or state cannot be condemned or humiliated on the grounds of their race, gender, social level and religious beliefs.<\/p>\n<p>Expressions that go beyond the limits of criticism and insult individuals and organizations or that are slanderous cannot be included.<br \/>\nQuotations can be made from the articles published on the site by referring the source. Publishing the articles as a whole on printed or digital platforms is subject to permission.<\/p>\n<p style=\"text-align: center;\"><img decoding=\"async\" class=\"wp-image-10398  aligncenter\" src=\"https:\/\/www.pugat.org\/wp-content\/uploads\/2022\/03\/Logo2022.png\" alt=\"\" width=\"122\" height=\"54\" srcset=\"https:\/\/pugat.org\/wp-content\/uploads\/2022\/03\/Logo2022.png 1045w, https:\/\/pugat.org\/wp-content\/uploads\/2022\/03\/Logo2022-300x131.png 300w, https:\/\/pugat.org\/wp-content\/uploads\/2022\/03\/Logo2022-1024x449.png 1024w, https:\/\/pugat.org\/wp-content\/uploads\/2022\/03\/Logo2022-768x337.png 768w, https:\/\/pugat.org\/wp-content\/uploads\/2022\/03\/Logo2022-150x66.png 150w, https:\/\/pugat.org\/wp-content\/uploads\/2022\/03\/Logo2022-696x305.png 696w, https:\/\/pugat.org\/wp-content\/uploads\/2022\/03\/Logo2022-958x420.png 958w\" sizes=\"(max-width: 122px) 100vw, 122px\" \/><a href=\"mailto:info@pugat.org\">info@pugat.org<\/a><\/p>\n<\/div><\/div><\/div><\/div><\/div><\/div><\/div><\/div>","protected":false},"excerpt":{"rendered":"","protected":false},"author":1,"featured_media":15944,"parent":0,"menu_order":0,"comment_status":"closed","ping_status":"closed","template":"","meta":{"tdm_status":"","tdm_grid_status":"","footnotes":""},"class_list":["post-16118","page","type-page","status-publish","has-post-thumbnail"],"yoast_head":"<!-- This site is optimized with the Yoast SEO plugin v26.5 - https:\/\/yoast.com\/wordpress\/plugins\/seo\/ -->\n<title>About Us - PUGAT<\/title>\n<meta name=\"robots\" content=\"index, follow, max-snippet:-1, max-image-preview:large, max-video-preview:-1\" \/>\n<link rel=\"canonical\" href=\"https:\/\/pugat.org\/en\/about-us\/\" \/>\n<meta property=\"og:locale\" content=\"en_US\" \/>\n<meta property=\"og:type\" content=\"article\" \/>\n<meta property=\"og:title\" content=\"About Us - PUGAT\" \/>\n<meta property=\"og:url\" content=\"https:\/\/pugat.org\/en\/about-us\/\" \/>\n<meta property=\"og:site_name\" content=\"PUGAT\" \/>\n<meta property=\"article:publisher\" content=\"https:\/\/www.facebook.com\/PUGAT-Pusula-G%c3%bcvenlik-Ara%c5%9ft%c4%b1rmalar%c4%b1-Toplulu%c4%9fu-101486665489919\" \/>\n<meta property=\"article:modified_time\" content=\"2022-06-07T19:15:13+00:00\" \/>\n<meta property=\"og:image\" content=\"https:\/\/pugat.org\/wp-content\/uploads\/2022\/03\/Logo2022.png\" \/>\n\t<meta property=\"og:image:width\" content=\"1045\" \/>\n\t<meta property=\"og:image:height\" content=\"458\" \/>\n\t<meta property=\"og:image:type\" content=\"image\/png\" \/>\n<meta name=\"twitter:card\" content=\"summary_large_image\" \/>\n<meta name=\"twitter:site\" content=\"@PUGAT10\" \/>\n<meta name=\"twitter:label1\" content=\"Est. reading time\" \/>\n\t<meta name=\"twitter:data1\" content=\"3 minutes\" \/>\n<script type=\"application\/ld+json\" class=\"yoast-schema-graph\">{\"@context\":\"https:\/\/schema.org\",\"@graph\":[{\"@type\":\"WebPage\",\"@id\":\"https:\/\/pugat.org\/en\/about-us\/\",\"url\":\"https:\/\/pugat.org\/en\/about-us\/\",\"name\":\"About Us - PUGAT\",\"isPartOf\":{\"@id\":\"https:\/\/pugat.org\/#website\"},\"primaryImageOfPage\":{\"@id\":\"https:\/\/pugat.org\/en\/about-us\/#primaryimage\"},\"image\":{\"@id\":\"https:\/\/pugat.org\/en\/about-us\/#primaryimage\"},\"thumbnailUrl\":\"https:\/\/pugat.org\/wp-content\/uploads\/2022\/03\/Logo2022.png\",\"datePublished\":\"2021-06-02T14:08:15+00:00\",\"dateModified\":\"2022-06-07T19:15:13+00:00\",\"breadcrumb\":{\"@id\":\"https:\/\/pugat.org\/en\/about-us\/#breadcrumb\"},\"inLanguage\":\"en-US\",\"potentialAction\":[{\"@type\":\"ReadAction\",\"target\":[\"https:\/\/pugat.org\/en\/about-us\/\"]}]},{\"@type\":\"ImageObject\",\"inLanguage\":\"en-US\",\"@id\":\"https:\/\/pugat.org\/en\/about-us\/#primaryimage\",\"url\":\"https:\/\/pugat.org\/wp-content\/uploads\/2022\/03\/Logo2022.png\",\"contentUrl\":\"https:\/\/pugat.org\/wp-content\/uploads\/2022\/03\/Logo2022.png\",\"width\":1045,\"height\":458},{\"@type\":\"BreadcrumbList\",\"@id\":\"https:\/\/pugat.org\/en\/about-us\/#breadcrumb\",\"itemListElement\":[{\"@type\":\"ListItem\",\"position\":1,\"name\":\"Anasayfa\",\"item\":\"https:\/\/pugat.org\/en\/\"},{\"@type\":\"ListItem\",\"position\":2,\"name\":\"About Us\"}]},{\"@type\":\"WebSite\",\"@id\":\"https:\/\/pugat.org\/#website\",\"url\":\"https:\/\/pugat.org\/\",\"name\":\"PUGAT\",\"description\":\"G\u00fcvenlik Odakl\u0131 Yaz\u0131 ve Analiz\",\"publisher\":{\"@id\":\"https:\/\/pugat.org\/#organization\"},\"potentialAction\":[{\"@type\":\"SearchAction\",\"target\":{\"@type\":\"EntryPoint\",\"urlTemplate\":\"https:\/\/pugat.org\/?s={search_term_string}\"},\"query-input\":{\"@type\":\"PropertyValueSpecification\",\"valueRequired\":true,\"valueName\":\"search_term_string\"}}],\"inLanguage\":\"en-US\"},{\"@type\":\"Organization\",\"@id\":\"https:\/\/pugat.org\/#organization\",\"name\":\"PUGAT - Pusula G\u00fcvenlik Ara\u015ft\u0131rmalar\u0131 Toplulu\u011fu\",\"url\":\"https:\/\/pugat.org\/\",\"logo\":{\"@type\":\"ImageObject\",\"inLanguage\":\"en-US\",\"@id\":\"https:\/\/pugat.org\/#\/schema\/logo\/image\/\",\"url\":\"https:\/\/www.pugat.org\/wp-content\/uploads\/2021\/05\/pugatekran-e1623718815618.jpg\",\"contentUrl\":\"https:\/\/www.pugat.org\/wp-content\/uploads\/2021\/05\/pugatekran-e1623718815618.jpg\",\"width\":614,\"height\":614,\"caption\":\"PUGAT - Pusula G\u00fcvenlik Ara\u015ft\u0131rmalar\u0131 Toplulu\u011fu\"},\"image\":{\"@id\":\"https:\/\/pugat.org\/#\/schema\/logo\/image\/\"},\"sameAs\":[\"https:\/\/www.facebook.com\/PUGAT-Pusula-G\u00fcvenlik-Ara\u015ft\u0131rmalar\u0131-Toplulu\u011fu-101486665489919\",\"https:\/\/x.com\/PUGAT10\",\"https:\/\/www.youtube.com\/channel\/UC97wsS1u-0Cw9RRberSUg5w\"]}]}<\/script>\n<!-- \/ Yoast SEO plugin. -->","yoast_head_json":{"title":"About Us - PUGAT","robots":{"index":"index","follow":"follow","max-snippet":"max-snippet:-1","max-image-preview":"max-image-preview:large","max-video-preview":"max-video-preview:-1"},"canonical":"https:\/\/pugat.org\/en\/about-us\/","og_locale":"en_US","og_type":"article","og_title":"About Us - PUGAT","og_url":"https:\/\/pugat.org\/en\/about-us\/","og_site_name":"PUGAT","article_publisher":"https:\/\/www.facebook.com\/PUGAT-Pusula-G%c3%bcvenlik-Ara%c5%9ft%c4%b1rmalar%c4%b1-Toplulu%c4%9fu-101486665489919","article_modified_time":"2022-06-07T19:15:13+00:00","og_image":[{"width":1045,"height":458,"url":"https:\/\/pugat.org\/wp-content\/uploads\/2022\/03\/Logo2022.png","type":"image\/png"}],"twitter_card":"summary_large_image","twitter_site":"@PUGAT10","twitter_misc":{"Est. reading time":"3 minutes"},"schema":{"@context":"https:\/\/schema.org","@graph":[{"@type":"WebPage","@id":"https:\/\/pugat.org\/en\/about-us\/","url":"https:\/\/pugat.org\/en\/about-us\/","name":"About Us - PUGAT","isPartOf":{"@id":"https:\/\/pugat.org\/#website"},"primaryImageOfPage":{"@id":"https:\/\/pugat.org\/en\/about-us\/#primaryimage"},"image":{"@id":"https:\/\/pugat.org\/en\/about-us\/#primaryimage"},"thumbnailUrl":"https:\/\/pugat.org\/wp-content\/uploads\/2022\/03\/Logo2022.png","datePublished":"2021-06-02T14:08:15+00:00","dateModified":"2022-06-07T19:15:13+00:00","breadcrumb":{"@id":"https:\/\/pugat.org\/en\/about-us\/#breadcrumb"},"inLanguage":"en-US","potentialAction":[{"@type":"ReadAction","target":["https:\/\/pugat.org\/en\/about-us\/"]}]},{"@type":"ImageObject","inLanguage":"en-US","@id":"https:\/\/pugat.org\/en\/about-us\/#primaryimage","url":"https:\/\/pugat.org\/wp-content\/uploads\/2022\/03\/Logo2022.png","contentUrl":"https:\/\/pugat.org\/wp-content\/uploads\/2022\/03\/Logo2022.png","width":1045,"height":458},{"@type":"BreadcrumbList","@id":"https:\/\/pugat.org\/en\/about-us\/#breadcrumb","itemListElement":[{"@type":"ListItem","position":1,"name":"Anasayfa","item":"https:\/\/pugat.org\/en\/"},{"@type":"ListItem","position":2,"name":"About Us"}]},{"@type":"WebSite","@id":"https:\/\/pugat.org\/#website","url":"https:\/\/pugat.org\/","name":"PUGAT","description":"G\u00fcvenlik Odakl\u0131 Yaz\u0131 ve Analiz","publisher":{"@id":"https:\/\/pugat.org\/#organization"},"potentialAction":[{"@type":"SearchAction","target":{"@type":"EntryPoint","urlTemplate":"https:\/\/pugat.org\/?s={search_term_string}"},"query-input":{"@type":"PropertyValueSpecification","valueRequired":true,"valueName":"search_term_string"}}],"inLanguage":"en-US"},{"@type":"Organization","@id":"https:\/\/pugat.org\/#organization","name":"PUGAT - Pusula G\u00fcvenlik Ara\u015ft\u0131rmalar\u0131 Toplulu\u011fu","url":"https:\/\/pugat.org\/","logo":{"@type":"ImageObject","inLanguage":"en-US","@id":"https:\/\/pugat.org\/#\/schema\/logo\/image\/","url":"https:\/\/www.pugat.org\/wp-content\/uploads\/2021\/05\/pugatekran-e1623718815618.jpg","contentUrl":"https:\/\/www.pugat.org\/wp-content\/uploads\/2021\/05\/pugatekran-e1623718815618.jpg","width":614,"height":614,"caption":"PUGAT - Pusula G\u00fcvenlik Ara\u015ft\u0131rmalar\u0131 Toplulu\u011fu"},"image":{"@id":"https:\/\/pugat.org\/#\/schema\/logo\/image\/"},"sameAs":["https:\/\/www.facebook.com\/PUGAT-Pusula-G\u00fcvenlik-Ara\u015ft\u0131rmalar\u0131-Toplulu\u011fu-101486665489919","https:\/\/x.com\/PUGAT10","https:\/\/www.youtube.com\/channel\/UC97wsS1u-0Cw9RRberSUg5w"]}]}},"_links":{"self":[{"href":"https:\/\/pugat.org\/en\/wp-json\/wp\/v2\/pages\/16118","targetHints":{"allow":["GET"]}}],"collection":[{"href":"https:\/\/pugat.org\/en\/wp-json\/wp\/v2\/pages"}],"about":[{"href":"https:\/\/pugat.org\/en\/wp-json\/wp\/v2\/types\/page"}],"author":[{"embeddable":true,"href":"https:\/\/pugat.org\/en\/wp-json\/wp\/v2\/users\/1"}],"replies":[{"embeddable":true,"href":"https:\/\/pugat.org\/en\/wp-json\/wp\/v2\/comments?post=16118"}],"version-history":[{"count":0,"href":"https:\/\/pugat.org\/en\/wp-json\/wp\/v2\/pages\/16118\/revisions"}],"wp:featuredmedia":[{"embeddable":true,"href":"https:\/\/pugat.org\/en\/wp-json\/wp\/v2\/media\/15944"}],"wp:attachment":[{"href":"https:\/\/pugat.org\/en\/wp-json\/wp\/v2\/media?parent=16118"}],"curies":[{"name":"wp","href":"https:\/\/api.w.org\/{rel}","templated":true}]}}